{"id":260,"date":"2025-04-17T09:03:26","date_gmt":"2025-04-17T09:03:26","guid":{"rendered":"https:\/\/restauratio.eu\/?page_id=260"},"modified":"2026-03-02T09:07:19","modified_gmt":"2026-03-02T09:07:19","slug":"es-projektai","status":"publish","type":"page","link":"https:\/\/restauratio.eu\/?page_id=260","title":{"rendered":"ES projektai"},"content":{"rendered":"\t\t<div data-elementor-type=\"wp-page\" data-elementor-id=\"260\" class=\"elementor elementor-260\">\n\t\t\t\t\t\t\t<div class=\"elementor-element elementor-element-28570c6c e-flex e-con-boxed e-con e-parent\" data-id=\"28570c6c\" data-element_type=\"container\" data-settings=\"{&quot;background_background&quot;:&quot;classic&quot;,&quot;content_width&quot;:&quot;boxed&quot;}\" data-core-v316-plus=\"true\">\n\t\t\t\t\t<div class=\"e-con-inner\">\n\t\t<div class=\"elementor-element elementor-element-3d6c3940 e-flex e-con-boxed e-con e-child\" data-id=\"3d6c3940\" data-element_type=\"container\" data-settings=\"{&quot;content_width&quot;:&quot;boxed&quot;}\">\n\t\t\t\t\t<div class=\"e-con-inner\">\n\t\t\t\t<div class=\"elementor-element elementor-element-2ea20472 elementor-widget elementor-widget-image\" data-id=\"2ea20472\" data-element_type=\"widget\" data-widget_type=\"image.default\">\n\t\t\t\t<div class=\"elementor-widget-container\">\n\t\t\t<style>\/*! elementor - v3.16.0 - 17-10-2023 *\/\n.elementor-widget-image{text-align:center}.elementor-widget-image a{display:inline-block}.elementor-widget-image a img[src$=\".svg\"]{width:48px}.elementor-widget-image img{vertical-align:middle;display:inline-block}<\/style>\t\t\t\t\t\t\t\t\t\t\t\t<img decoding=\"async\" loading=\"lazy\" width=\"854\" height=\"108\" src=\"https:\/\/restauratio.eu\/wp-content\/uploads\/2023\/10\/Restauratio-et-Auratura_logo_3D.png\" class=\"attachment-full size-full wp-image-18\" alt=\"\" srcset=\"https:\/\/restauratio.eu\/wp-content\/uploads\/2023\/10\/Restauratio-et-Auratura_logo_3D.png 854w, https:\/\/restauratio.eu\/wp-content\/uploads\/2023\/10\/Restauratio-et-Auratura_logo_3D-300x38.png 300w, https:\/\/restauratio.eu\/wp-content\/uploads\/2023\/10\/Restauratio-et-Auratura_logo_3D-768x97.png 768w\" sizes=\"(max-width: 854px) 100vw, 854px\" \/>\t\t\t\t\t\t\t\t\t\t\t\t\t\t\t<\/div>\n\t\t\t\t<\/div>\n\t\t\t\t<div class=\"elementor-element elementor-element-1e62190a elementor-nav-menu__align-center elementor-nav-menu--dropdown-tablet elementor-nav-menu__text-align-aside elementor-nav-menu--toggle elementor-nav-menu--burger elementor-widget elementor-widget-nav-menu\" data-id=\"1e62190a\" data-element_type=\"widget\" data-settings=\"{&quot;toggle_icon_hover_animation&quot;:&quot;grow&quot;,&quot;layout&quot;:&quot;horizontal&quot;,&quot;submenu_icon&quot;:{&quot;value&quot;:&quot;&lt;i class=\\&quot;fas fa-caret-down\\&quot;&gt;&lt;\\\/i&gt;&quot;,&quot;library&quot;:&quot;fa-solid&quot;},&quot;toggle&quot;:&quot;burger&quot;}\" data-widget_type=\"nav-menu.default\">\n\t\t\t\t<div class=\"elementor-widget-container\">\n\t\t\t<link rel=\"stylesheet\" href=\"https:\/\/restauratio.eu\/wp-content\/plugins\/elementor-pro\/assets\/css\/widget-nav-menu.min.css\">\t\t\t<nav migration_allowed=\"1\" migrated=\"0\" role=\"navigation\" class=\"elementor-nav-menu--main elementor-nav-menu__container elementor-nav-menu--layout-horizontal e--pointer-underline e--animation-fade\">\n\t\t\t\t<ul id=\"menu-1-1e62190a\" class=\"elementor-nav-menu\"><li class=\"menu-item menu-item-type-post_type menu-item-object-page menu-item-home menu-item-283\"><a href=\"https:\/\/restauratio.eu\/\" class=\"elementor-item\">Home<\/a><\/li>\n<li class=\"menu-item menu-item-type-post_type menu-item-object-page menu-item-282\"><a href=\"https:\/\/restauratio.eu\/?page_id=260\" class=\"elementor-item\">ES projektai<\/a><\/li>\n<\/ul>\t\t\t<\/nav>\n\t\t\t\t\t<div class=\"elementor-menu-toggle\" role=\"button\" tabindex=\"0\" aria-label=\"Menu Toggle\" aria-expanded=\"false\">\n\t\t\t<i aria-hidden=\"true\" role=\"presentation\" class=\"elementor-menu-toggle__icon--open elementor-animation-grow eicon-menu-bar\"><\/i><i aria-hidden=\"true\" role=\"presentation\" class=\"elementor-menu-toggle__icon--close elementor-animation-grow eicon-close\"><\/i>\t\t\t<span class=\"elementor-screen-only\">Menu<\/span>\n\t\t<\/div>\n\t\t\t<nav class=\"elementor-nav-menu--dropdown elementor-nav-menu__container\" role=\"navigation\" aria-hidden=\"true\">\n\t\t\t\t<ul id=\"menu-2-1e62190a\" class=\"elementor-nav-menu\"><li class=\"menu-item menu-item-type-post_type menu-item-object-page menu-item-home menu-item-283\"><a href=\"https:\/\/restauratio.eu\/\" class=\"elementor-item\" tabindex=\"-1\">Home<\/a><\/li>\n<li class=\"menu-item menu-item-type-post_type menu-item-object-page menu-item-282\"><a href=\"https:\/\/restauratio.eu\/?page_id=260\" class=\"elementor-item\" tabindex=\"-1\">ES projektai<\/a><\/li>\n<\/ul>\t\t\t<\/nav>\n\t\t\t\t<\/div>\n\t\t\t\t<\/div>\n\t\t\t\t\t<\/div>\n\t\t\t\t<\/div>\n\t\t\t\t\t<\/div>\n\t\t\t\t<\/div>\n\t\t<div class=\"elementor-element elementor-element-6b3c8de9 e-flex e-con-boxed e-con e-parent\" data-id=\"6b3c8de9\" data-element_type=\"container\" data-settings=\"{&quot;background_background&quot;:&quot;classic&quot;,&quot;content_width&quot;:&quot;boxed&quot;}\" data-core-v316-plus=\"true\">\n\t\t\t\t\t<div class=\"e-con-inner\">\n\t\t<div class=\"elementor-element elementor-element-1cc42b02 e-flex e-con-boxed e-con e-child\" data-id=\"1cc42b02\" data-element_type=\"container\" data-settings=\"{&quot;content_width&quot;:&quot;boxed&quot;}\">\n\t\t\t\t\t<div class=\"e-con-inner\">\n\t\t<div class=\"elementor-element elementor-element-7751fcbe e-flex e-con-boxed e-con e-child\" data-id=\"7751fcbe\" data-element_type=\"container\" data-settings=\"{&quot;content_width&quot;:&quot;boxed&quot;}\">\n\t\t\t\t\t<div class=\"e-con-inner\">\n\t\t\t\t<div class=\"elementor-element elementor-element-65ab3508 elementor-widget elementor-widget-text-editor\" data-id=\"65ab3508\" data-element_type=\"widget\" data-widget_type=\"text-editor.default\">\n\t\t\t\t<div class=\"elementor-widget-container\">\n\t\t\t<style>\/*! elementor - v3.16.0 - 17-10-2023 *\/\n.elementor-widget-text-editor.elementor-drop-cap-view-stacked .elementor-drop-cap{background-color:#69727d;color:#fff}.elementor-widget-text-editor.elementor-drop-cap-view-framed .elementor-drop-cap{color:#69727d;border:3px solid;background-color:transparent}.elementor-widget-text-editor:not(.elementor-drop-cap-view-default) .elementor-drop-cap{margin-top:8px}.elementor-widget-text-editor:not(.elementor-drop-cap-view-default) .elementor-drop-cap-letter{width:1em;height:1em}.elementor-widget-text-editor .elementor-drop-cap{float:left;text-align:center;line-height:1;font-size:50px}.elementor-widget-text-editor .elementor-drop-cap-letter{display:inline-block}<\/style>\t\t\t\t<p><!-- wp:paragraph --><\/p>\n<p style=\"text-align: center;\">\u00a0<\/p>\n<p style=\"text-align: center;\"><!-- \/wp:paragraph --><!-- wp:columns --><\/p>\n<div class=\"wp-block-columns\"><!-- wp:column {\"width\":\"100%\"} -->\n<div class=\"wp-block-column\" style=\"flex-basis: 100%;\"><!-- wp:group {\"layout\":{\"type\":\"constrained\"}} -->\n<div class=\"wp-block-group\"><!-- wp:columns -->\n<div class=\"wp-block-columns\"><!-- wp:column -->\n<div class=\"wp-block-column\" style=\"text-align: center;\"><!-- wp:image {\"id\":267,\"sizeSlug\":\"large\",\"linkDestination\":\"none\"} -->\n<figure class=\"wp-block-image size-large\"><img decoding=\"async\" loading=\"lazy\" width=\"1024\" height=\"285\" class=\"wp-image-267\" src=\"https:\/\/restauratio.eu\/wp-content\/uploads\/2025\/04\/1-LT_00_Fichier-de-reproduction-Next-Generation-EU_POS_POS-2-1024x285.png\" alt=\"\" srcset=\"https:\/\/restauratio.eu\/wp-content\/uploads\/2025\/04\/1-LT_00_Fichier-de-reproduction-Next-Generation-EU_POS_POS-2-1024x285.png 1024w, https:\/\/restauratio.eu\/wp-content\/uploads\/2025\/04\/1-LT_00_Fichier-de-reproduction-Next-Generation-EU_POS_POS-2-300x83.png 300w, https:\/\/restauratio.eu\/wp-content\/uploads\/2025\/04\/1-LT_00_Fichier-de-reproduction-Next-Generation-EU_POS_POS-2-768x213.png 768w, https:\/\/restauratio.eu\/wp-content\/uploads\/2025\/04\/1-LT_00_Fichier-de-reproduction-Next-Generation-EU_POS_POS-2-1536x427.png 1536w, https:\/\/restauratio.eu\/wp-content\/uploads\/2025\/04\/1-LT_00_Fichier-de-reproduction-Next-Generation-EU_POS_POS-2-2048x569.png 2048w\" sizes=\"(max-width: 1024px) 100vw, 1024px\" \/><\/figure>\n<!-- \/wp:image --><\/div>\n<!-- \/wp:column --><!-- wp:column -->\n<div class=\"wp-block-column\"><!-- wp:image {\"id\":268,\"width\":\"470px\",\"height\":\"auto\",\"aspectRatio\":\"2.8131868131868134\",\"sizeSlug\":\"large\",\"linkDestination\":\"none\"} -->\n<figure class=\"wp-block-image size-large is-resized\"><img decoding=\"async\" loading=\"lazy\" width=\"1024\" height=\"364\" class=\"wp-image-268 aligncenter\" style=\"aspect-ratio: 2.8131868131868134; width: 470px; height: auto;\" src=\"https:\/\/restauratio.eu\/wp-content\/uploads\/2025\/04\/2-NKL-Logo_Horizontal-RGB-2-1024x364.png\" alt=\"\" srcset=\"https:\/\/restauratio.eu\/wp-content\/uploads\/2025\/04\/2-NKL-Logo_Horizontal-RGB-2-1024x364.png 1024w, https:\/\/restauratio.eu\/wp-content\/uploads\/2025\/04\/2-NKL-Logo_Horizontal-RGB-2-300x107.png 300w, https:\/\/restauratio.eu\/wp-content\/uploads\/2025\/04\/2-NKL-Logo_Horizontal-RGB-2-768x273.png 768w, https:\/\/restauratio.eu\/wp-content\/uploads\/2025\/04\/2-NKL-Logo_Horizontal-RGB-2-1536x546.png 1536w, https:\/\/restauratio.eu\/wp-content\/uploads\/2025\/04\/2-NKL-Logo_Horizontal-RGB-2.png 1832w\" sizes=\"(max-width: 1024px) 100vw, 1024px\" \/><\/figure>\n<\/div>\n<\/div>\n<\/div>\n<\/div>\n<\/div>\n<p>UAB \u201eRestauratio et auratura\u201c \u012fgyvendina projekt\u0105 \u201eMTEP id\u0117jos \u201eKult\u016bros paveldo objekt\u0173 biokonservacija\u201c tikrinimas, rengiant tarptautin\u0119 parai\u0161k\u0105\u201c Nr. 10-038-T-0215.<\/p>\n<p><!-- \/wp:paragraph --><!-- wp:paragraph --><\/p>\n<p>Projekto tikslas \u2013 pasiruo\u0161ti teikti parai\u0161k\u0105 pagal programos \u201eEuropos horizontas\u201c kvietim\u0105 vykdant tarpdisciplinin\u012f projekt\u0105.<\/p>\n<p><!-- \/wp:paragraph --><!-- wp:paragraph --><\/p>\n<p>Projekto trukm\u0117 2024-12-30\u20132025-12-31.<\/p>\n<p><!-- \/wp:paragraph --><!-- wp:paragraph --><\/p>\n<p>Bendra projekto vert\u0117 29\u00a0819,35 Eur, i\u0161 kuri\u0173 29\u00a0819,35 Eur finansuojama Europos S\u0105jungos fond\u0173 l\u0117\u0161omis. Finansuoja Europos S\u0105junga NextGenerationEU.<\/p>\n<p><!-- \/wp:paragraph --><!-- wp:paragraph --><\/p>\n<p>#MESkuriamES \u00a0#InvesticijuPrograma \u00a0#ESinvesticijos \u00a0#NaujosKartosLietuva #NextGenerationEU<\/p>\n<p><!-- \/wp:columns --><\/p>\t\t\t\t\t\t<\/div>\n\t\t\t\t<\/div>\n\t\t\t\t\t<\/div>\n\t\t\t\t<\/div>\n\t\t\t\t\t<\/div>\n\t\t\t\t<\/div>\n\t\t<div class=\"elementor-element elementor-element-759c1743 e-flex e-con-boxed e-con e-child\" data-id=\"759c1743\" data-element_type=\"container\" data-settings=\"{&quot;content_width&quot;:&quot;boxed&quot;}\">\n\t\t\t\t\t<div class=\"e-con-inner\">\n\t\t\t\t\t<\/div>\n\t\t\t\t<\/div>\n\t\t\t\t\t<\/div>\n\t\t\t\t<\/div>\n\t\t\t\t\t\t\t<\/div>\n\t\t","protected":false},"excerpt":{"rendered":"<p>UAB \u201eRestauratio et auratura\u201c \u012fgyvendina projekt\u0105 \u201eMTEP id\u0117jos \u201eKult\u016bros paveldo objekt\u0173 biokonservacija\u201c tikrinimas, rengiant tarptautin\u0119 parai\u0161k\u0105\u201c Nr. 10-038-T-0215. Projekto tikslas \u2013 pasiruo\u0161ti teikti parai\u0161k\u0105 pagal programos \u201eEuropos horizontas\u201c kvietim\u0105 vykdant tarpdisciplinin\u012f projekt\u0105. Projekto trukm\u0117 2024-12-30\u20132025-12-31. Bendra projekto vert\u0117 29\u00a0819,35 Eur, i\u0161 kuri\u0173 29\u00a0819,35 Eur finansuojama Europos S\u0105jungos fond\u0173 l\u0117\u0161omis. Finansuoja Europos S\u0105junga NextGenerationEU. #MESkuriamES \u00a0#InvesticijuPrograma [&hellip;]<\/p>\n","protected":false},"author":2,"featured_media":0,"parent":0,"menu_order":0,"comment_status":"closed","ping_status":"closed","template":"elementor_canvas","meta":{"footnotes":""},"_links":{"self":[{"href":"https:\/\/restauratio.eu\/index.php?rest_route=\/wp\/v2\/pages\/260"}],"collection":[{"href":"https:\/\/restauratio.eu\/index.php?rest_route=\/wp\/v2\/pages"}],"about":[{"href":"https:\/\/restauratio.eu\/index.php?rest_route=\/wp\/v2\/types\/page"}],"author":[{"embeddable":true,"href":"https:\/\/restauratio.eu\/index.php?rest_route=\/wp\/v2\/users\/2"}],"replies":[{"embeddable":true,"href":"https:\/\/restauratio.eu\/index.php?rest_route=%2Fwp%2Fv2%2Fcomments&post=260"}],"version-history":[{"count":47,"href":"https:\/\/restauratio.eu\/index.php?rest_route=\/wp\/v2\/pages\/260\/revisions"}],"predecessor-version":[{"id":353,"href":"https:\/\/restauratio.eu\/index.php?rest_route=\/wp\/v2\/pages\/260\/revisions\/353"}],"wp:attachment":[{"href":"https:\/\/restauratio.eu\/index.php?rest_route=%2Fwp%2Fv2%2Fmedia&parent=260"}],"curies":[{"name":"wp","href":"https:\/\/api.w.org\/{rel}","templated":true}]}}